{"id":8299,"date":"2024-11-29T16:42:35","date_gmt":"2024-11-29T15:42:35","guid":{"rendered":"https:\/\/tiezzivini.it\/privacy-policy\/"},"modified":"2024-11-29T16:42:35","modified_gmt":"2024-11-29T15:42:35","slug":"privacy-policy","status":"publish","type":"page","link":"https:\/\/tiezzivini.it\/en\/privacy-policy\/","title":{"rendered":"Privacy Policy"},"content":{"rendered":"<h2 class=\"wp-block-heading\">Privacy policy<\/h2><p>La presente informativa \u00e8 resa ai sensi dell\u2019art. 13 Regolamento UE 2016\/679 per la protezione dei dati personali. I dati trattati saranno quelli degli utenti web.<\/p><h5 class=\"wp-block-heading\">Il Titolare del trattamento \u00e8:<\/h5><p>Azienda vitivinicola Tiezzi<br>Podere Soccorso, 53024 Montalcino SI<br>info@tiezzivini.it<br>Partita IVA: 01506260528<\/p><p><\/p><p><strong>Natura del conferimento<\/strong><br>Il conferimento dei dati \u00e8 facoltativo. Il rifiuto a fornire i dati comporta l\u2019impossibilit\u00e0 di essere ricontattati per le finalit\u00e0 sotto riportate. Il conferimento a fini di marketing \u00e8 facoltativo e non comporta l\u2019impossibilit\u00e0 di essere ricontattati per le altre finalit\u00e0.<\/p><p><br><strong>Finalit\u00e0 del trattamento e base giuridica<\/strong><br>esecuzione di obblighi derivanti da contratti stipulati con il Titolare e\/o adempimento, prima della conclusione del contratto, di specifiche richieste dell\u2019Interessato;<br>adempimento di obblighi previsti dalla legge, da regolamenti o dalla normativa comunitaria e di difesa in giudizio;<br>In merito alle finalit\u00e0 sub a) e b), La informiamo che il trattamento e la comunicazione dei Suoi dati personali da parte del Titolare non necessita del Suo consenso in quanto trattamento necessario per l\u2019esecuzione di obblighi derivanti dal contratto stesso e\/o per l\u2019esecuzione di prestazioni da Lei richieste prima della conclusione del contratto nonch\u00e9 per ottemperare ad obblighi di legge.<\/p><p><br><strong>Legittimo interesse<\/strong><br>Il titolare non si avvale del legittimo interesse per il trattamento dei dati personali se non per la tutela dei propri diritti, ovvero per accertare, esercitare o difendere un diritto in sede giudiziaria.<\/p><p><br><strong>Modalit\u00e0 per il trattamento dei dati<\/strong><br>I dati raccolti sono trattati con strumenti informatici.<br>Idonee misure di sicurezza sono osservate per prevenire la perdita dei dati, usi illeciti o non corretti ed accessi non autorizzati.<\/p><p><br><strong>Chi tratta i tuoi dati<\/strong><br>I trattamenti di dati personali sono curati da personale autorizzato o da responsabili del trattamento opportunamente nominati. L\u2019elenco aggiornato dei responsabili del trattamento o di eventuali titolari autonomi pu\u00f2 essere richiesto al Titolare o al DPO.<\/p><p><br><strong>Trasferimento dei dati<\/strong><br>I dati saranno trasferiti all\u2019interno della UE. Alcuni dati potranno essere trasferiti negli USA a quelle societ\u00e0 che sono certificate per il Data Privacy Framework.<\/p><p><br><strong>Periodo di conservazione dei dati<\/strong><br>Il tempo di conservazione delle scelte dell\u2019utente riferito ai cookie \u00e8 di sei mesi come richiesto dal provvedimento.<br>Il tempo di conservazione dei cookie cambia a secondo della tipologia di appartenenza. Per i cookie di profilazione di terze parti possono essere consultati direttamente le specifiche sui relativi siti.<br>I dati personali trattati per finalit\u00e0 di contatto o economiche, saranno trattati per i tempi obbligatori previsti dalle leggi di competenza.<br>Diritti degli interessati ex art 15 UE 2016\/679<br>Gli interessati hanno il diritto di ottenere dal Titolare, nei casi previsti, l\u2019accesso ai propri dati personali e la rettifica o la cancellazione degli stessi o la limitazione del trattamento che li riguarda o di opporsi al trattamento (artt. 15 e ss. del Regolamento). Le richieste vanno inoltrate al Titolare del trattamento ai riferimenti riportati all\u2019inizio della presente informativa.<\/p><p><br><strong>Diritto di reclamo<\/strong><br>Gli interessati che ritengono che il trattamento dei dati personali a loro riferiti effettuato attraverso questo sito avvenga in violazione di quanto previsto dal Regolamento hanno il diritto di proporre reclamo al Garante, come previsto dall\u2019art. 77 del Regolamento stesso, o di adire le opportune sedi giudiziarie (art. 79 del Regolamento).immagini sul sito web.<\/p><p><\/p>","protected":false},"excerpt":{"rendered":"<p>Privacy policy La presente informativa \u00e8 resa ai sensi dell\u2019art. 13 Regolamento UE 2016\/679 per la protezione dei dati personali. I dati trattati saranno quelli degli utenti web. Il Titolare del trattamento \u00e8: Azienda vitivinicola TiezziPodere Soccorso, 53024 Montalcino SIinfo@tiezzivini.itPartita IVA: 01506260528 Natura del conferimentoIl conferimento dei dati \u00e8 facoltativo. Il rifiuto a fornire i [&hellip;]<\/p>\n","protected":false},"author":1,"featured_media":0,"parent":0,"menu_order":0,"comment_status":"closed","ping_status":"closed","template":"","meta":{"_joinchat":[],"footnotes":""},"class_list":["post-8299","page","type-page","status-publish","hentry"],"_links":{"self":[{"href":"https:\/\/tiezzivini.it\/en\/wp-json\/wp\/v2\/pages\/8299","targetHints":{"allow":["GET"]}}],"collection":[{"href":"https:\/\/tiezzivini.it\/en\/wp-json\/wp\/v2\/pages"}],"about":[{"href":"https:\/\/tiezzivini.it\/en\/wp-json\/wp\/v2\/types\/page"}],"author":[{"embeddable":true,"href":"https:\/\/tiezzivini.it\/en\/wp-json\/wp\/v2\/users\/1"}],"replies":[{"embeddable":true,"href":"https:\/\/tiezzivini.it\/en\/wp-json\/wp\/v2\/comments?post=8299"}],"version-history":[{"count":0,"href":"https:\/\/tiezzivini.it\/en\/wp-json\/wp\/v2\/pages\/8299\/revisions"}],"wp:attachment":[{"href":"https:\/\/tiezzivini.it\/en\/wp-json\/wp\/v2\/media?parent=8299"}],"curies":[{"name":"wp","href":"https:\/\/api.w.org\/{rel}","templated":true}]}}